{"id":3737,"date":"2024-02-03T23:59:50","date_gmt":"2024-02-03T22:59:50","guid":{"rendered":"https:\/\/kind-cori.141-138-138-89.plesk.page\/?page_id=3737"},"modified":"2024-02-07T22:30:58","modified_gmt":"2024-02-07T21:30:58","slug":"boeking-afronden-faciliteiten","status":"publish","type":"page","link":"https:\/\/www.italiaansemeren.nl\/de\/buchung-fertigstellen-fazilitaten\/","title":{"rendered":"Ihre Buchung abschlie\u00dfen"},"content":{"rendered":"<div data-elementor-type=\"wp-page\" data-elementor-id=\"3737\" class=\"elementor elementor-3737\" data-elementor-post-type=\"page\">\n\t\t\t\t<div class=\"elementor-element elementor-element-e62c8c2 e-flex e-con-boxed e-con e-parent\" data-id=\"e62c8c2\" data-element_type=\"container\" data-e-type=\"container\">\n\t\t\t\t\t<div class=\"e-con-inner\">\n\t\t\t\t<div class=\"elementor-element elementor-element-64a7768 elementor-widget elementor-widget-wp-widget-bcn_widget\" data-id=\"64a7768\" data-element_type=\"widget\" data-e-type=\"widget\" data-widget_type=\"wp-widget-bcn_widget.default\">\n\t\t\t\t<div class=\"elementor-widget-container\">\n\t\t\t\t\t<div class=\"breadcrumbs\" vocab=\"https:\/\/schema.org\/\" typeof=\"BreadcrumbList\"><span property=\"itemListElement\" typeof=\"ListItem\"><a property=\"item\" typeof=\"WebPage\" title=\"Go to Vakantiepark de Italiaanse Meren.\" href=\"https:\/\/www.italiaansemeren.nl\/de\" class=\"home\" aria-current=\"page\"><span property=\"name\">Home<\/span><\/a><meta property=\"position\" content=\"1\"><\/span><\/div>\t\t\t\t<\/div>\n\t\t\t\t<\/div>\n\t\t\t\t\t<\/div>\n\t\t\t\t<\/div>\n\t\t<div class=\"elementor-element elementor-element-7f14818 e-flex e-con-boxed e-con e-parent\" data-id=\"7f14818\" data-element_type=\"container\" data-e-type=\"container\">\n\t\t\t\t\t<div class=\"e-con-inner\">\n\t\t\t\t<div class=\"elementor-element elementor-element-17f40b6 elementor-widget elementor-widget-heading\" data-id=\"17f40b6\" data-element_type=\"widget\" data-e-type=\"widget\" data-widget_type=\"heading.default\">\n\t\t\t\t<div class=\"elementor-widget-container\">\n\t\t\t\t\t<h2 class=\"elementor-heading-title elementor-size-default\">Direktbuchung<\/h2>\t\t\t\t<\/div>\n\t\t\t\t<\/div>\n\t\t\t\t<div class=\"elementor-element elementor-element-ce5cca3 elementor-widget elementor-widget-heading\" data-id=\"ce5cca3\" data-element_type=\"widget\" data-e-type=\"widget\" data-widget_type=\"heading.default\">\n\t\t\t\t<div class=\"elementor-widget-container\">\n\t\t\t\t\t<h1 class=\"elementor-heading-title elementor-size-default\">Ihre Buchung abschlie\u00dfen<\/h1>\t\t\t\t<\/div>\n\t\t\t\t<\/div>\n\t\t\t\t<div class=\"elementor-element elementor-element-6ab4e9d elementor-widget elementor-widget-text-editor\" data-id=\"6ab4e9d\" data-element_type=\"widget\" data-e-type=\"widget\" data-widget_type=\"text-editor.default\">\n\t\t\t\t<div class=\"elementor-widget-container\">\n\t\t\t\t\t\t\t\t\t<p>Sie k\u00f6nnen Ihre gew\u00fcnschte Aktivit\u00e4t unten buchen. Sagen Sie uns, wie viele Personen Sie sind, w\u00e4hlen Sie die gew\u00fcnschte Zeit, geben Sie Ihre Daten ein, bezahlen Sie und kommen Sie zu der von Ihnen gew\u00e4hlten Zeit zu uns. Bis bald im Ferienpark De Italiaanse Meren!<\/p>\t\t\t\t\t\t\t\t<\/div>\n\t\t\t\t<\/div>\n\t\t\t\t\t<\/div>\n\t\t\t\t<\/div>\n\t\t<div class=\"elementor-element elementor-element-c8eaea6 e-flex e-con-boxed e-con e-parent\" data-id=\"c8eaea6\" data-element_type=\"container\" data-e-type=\"container\">\n\t\t\t\t\t<div class=\"e-con-inner\">\n\t\t\t\t<div class=\"elementor-element elementor-element-9dcf4d3 elementor-widget elementor-widget-shortcode\" data-id=\"9dcf4d3\" data-element_type=\"widget\" data-e-type=\"widget\" data-widget_type=\"shortcode.default\">\n\t\t\t\t<div class=\"elementor-widget-container\">\n\t\t\t\t\t\t\t<div class=\"elementor-shortcode\">        <iframe src=\"https:\/\/booking.leisureking.eu\/bm\/?no-scroll=1&lang=DE\" frameborder=\"0\" id=\"lk-booking-window\" title=\"booking-window\" loading=\"lazy\" style=\"width:100%\">\n          <p>Your browser does not support iframes.<br>\n          <a href=\"https:\/\/booking.leisureking.eu\/bm\/\" target=\"_blank\">Open venster in nieuw tabblad<\/a><\/p>\n        <\/iframe>\n        <script type=\"text\/javascript\" src=\"https:\/\/booking.leisureking.eu\/bm\/scale.js\"><\/script>\n    <\/div>\n\t\t\t\t\t\t<\/div>\n\t\t\t\t<\/div>\n\t\t\t\t\t<\/div>\n\t\t\t\t<\/div>\n\t\t\t\t<\/div>","protected":false},"excerpt":{"rendered":"<p>Reserveren Boeking afronden Onderstaand kunt u uw gewenste activiteit boeken. Geef aanmet hoeveel personen u bent, kies uw gewenste tijdstip, vul uw gegevens in, betaal en kom bij ons op uw gekozen tijdstip. We zien u snel op Vakantiepark de Italiaanse Meren!<\/p>","protected":false},"author":3,"featured_media":0,"parent":0,"menu_order":10,"comment_status":"closed","ping_status":"closed","template":"","meta":{"_acf_changed":false,"footnotes":""},"class_list":["post-3737","page","type-page","status-publish","hentry"],"acf":[],"yoast_head":"<!-- This site is optimized with the Yoast SEO plugin v27.2 - https:\/\/yoast.com\/product\/yoast-seo-wordpress\/ -->\n<title>Boeking afronden - Vakantiepark de Italiaanse Meren<\/title>\n<meta name=\"robots\" content=\"index, follow, max-snippet:-1, max-image-preview:large, max-video-preview:-1\" \/>\n<link rel=\"canonical\" href=\"https:\/\/www.italiaansemeren.nl\/de\/buchung-fertigstellen-fazilitaten\/\" \/>\n<meta property=\"og:locale\" content=\"de_DE\" \/>\n<meta property=\"og:type\" content=\"article\" \/>\n<meta property=\"og:title\" content=\"Boeking afronden - Vakantiepark de Italiaanse Meren\" \/>\n<meta property=\"og:description\" content=\"Reserveren Boeking afronden Onderstaand kunt u uw gewenste activiteit boeken. Geef aanmet hoeveel personen u bent, kies uw gewenste tijdstip, vul uw gegevens in, betaal en kom bij ons op uw gekozen tijdstip. We zien u snel op Vakantiepark de Italiaanse Meren!\" \/>\n<meta property=\"og:url\" content=\"https:\/\/www.italiaansemeren.nl\/de\/buchung-fertigstellen-fazilitaten\/\" \/>\n<meta property=\"og:site_name\" content=\"Vakantiepark de Italiaanse Meren\" \/>\n<meta property=\"article:modified_time\" content=\"2024-02-07T21:30:58+00:00\" \/>\n<meta name=\"twitter:card\" content=\"summary_large_image\" \/>\n<meta name=\"twitter:label1\" content=\"Gesch\u00e4tzte Lesezeit\" \/>\n\t<meta name=\"twitter:data1\" content=\"1\u00a0Minute\" \/>\n<script type=\"application\/ld+json\" class=\"yoast-schema-graph\">{\"@context\":\"https:\/\/schema.org\",\"@graph\":[{\"@type\":\"WebPage\",\"@id\":\"https:\/\/www.italiaansemeren.nl\/boeking-afronden-faciliteiten\/\",\"url\":\"https:\/\/www.italiaansemeren.nl\/boeking-afronden-faciliteiten\/\",\"name\":\"Boeking afronden - Vakantiepark de Italiaanse Meren\",\"isPartOf\":{\"@id\":\"https:\/\/www.italiaansemeren.nl\/#website\"},\"datePublished\":\"2024-02-03T22:59:50+00:00\",\"dateModified\":\"2024-02-07T21:30:58+00:00\",\"breadcrumb\":{\"@id\":\"https:\/\/www.italiaansemeren.nl\/boeking-afronden-faciliteiten\/#breadcrumb\"},\"inLanguage\":\"de\",\"potentialAction\":[{\"@type\":\"ReadAction\",\"target\":[\"https:\/\/www.italiaansemeren.nl\/boeking-afronden-faciliteiten\/\"]}]},{\"@type\":\"BreadcrumbList\",\"@id\":\"https:\/\/www.italiaansemeren.nl\/boeking-afronden-faciliteiten\/#breadcrumb\",\"itemListElement\":[{\"@type\":\"ListItem\",\"position\":1,\"name\":\"Home\",\"item\":\"https:\/\/www.italiaansemeren.nl\/\"},{\"@type\":\"ListItem\",\"position\":2,\"name\":\"Boeking afronden\"}]},{\"@type\":\"WebSite\",\"@id\":\"https:\/\/www.italiaansemeren.nl\/#website\",\"url\":\"https:\/\/www.italiaansemeren.nl\/\",\"name\":\"Vakantiepark de Italiaanse Meren\",\"description\":\"\",\"publisher\":{\"@id\":\"https:\/\/www.italiaansemeren.nl\/#organization\"},\"potentialAction\":[{\"@type\":\"SearchAction\",\"target\":{\"@type\":\"EntryPoint\",\"urlTemplate\":\"https:\/\/www.italiaansemeren.nl\/?s={search_term_string}\"},\"query-input\":{\"@type\":\"PropertyValueSpecification\",\"valueRequired\":true,\"valueName\":\"search_term_string\"}}],\"inLanguage\":\"de\"},{\"@type\":\"Organization\",\"@id\":\"https:\/\/www.italiaansemeren.nl\/#organization\",\"name\":\"Vakantiepark de Italiaanse Meren\",\"url\":\"https:\/\/www.italiaansemeren.nl\/\",\"logo\":{\"@type\":\"ImageObject\",\"inLanguage\":\"de\",\"@id\":\"https:\/\/www.italiaansemeren.nl\/#\/schema\/logo\/image\/\",\"url\":\"https:\/\/www.italiaansemeren.nl\/wp-content\/uploads\/2023\/12\/logo.svg\",\"contentUrl\":\"https:\/\/www.italiaansemeren.nl\/wp-content\/uploads\/2023\/12\/logo.svg\",\"width\":138,\"height\":137,\"caption\":\"Vakantiepark de Italiaanse Meren\"},\"image\":{\"@id\":\"https:\/\/www.italiaansemeren.nl\/#\/schema\/logo\/image\/\"}}]}<\/script>\n<!-- \/ Yoast SEO plugin. -->","yoast_head_json":{"title":"Boeking afronden - Vakantiepark de Italiaanse Meren","robots":{"index":"index","follow":"follow","max-snippet":"max-snippet:-1","max-image-preview":"max-image-preview:large","max-video-preview":"max-video-preview:-1"},"canonical":"https:\/\/www.italiaansemeren.nl\/de\/buchung-fertigstellen-fazilitaten\/","og_locale":"de_DE","og_type":"article","og_title":"Boeking afronden - Vakantiepark de Italiaanse Meren","og_description":"Reserveren Boeking afronden Onderstaand kunt u uw gewenste activiteit boeken. Geef aanmet hoeveel personen u bent, kies uw gewenste tijdstip, vul uw gegevens in, betaal en kom bij ons op uw gekozen tijdstip. We zien u snel op Vakantiepark de Italiaanse Meren!","og_url":"https:\/\/www.italiaansemeren.nl\/de\/buchung-fertigstellen-fazilitaten\/","og_site_name":"Vakantiepark de Italiaanse Meren","article_modified_time":"2024-02-07T21:30:58+00:00","twitter_card":"summary_large_image","twitter_misc":{"Gesch\u00e4tzte Lesezeit":"1\u00a0Minute"},"schema":{"@context":"https:\/\/schema.org","@graph":[{"@type":"WebPage","@id":"https:\/\/www.italiaansemeren.nl\/boeking-afronden-faciliteiten\/","url":"https:\/\/www.italiaansemeren.nl\/boeking-afronden-faciliteiten\/","name":"Boeking afronden - Vakantiepark de Italiaanse Meren","isPartOf":{"@id":"https:\/\/www.italiaansemeren.nl\/#website"},"datePublished":"2024-02-03T22:59:50+00:00","dateModified":"2024-02-07T21:30:58+00:00","breadcrumb":{"@id":"https:\/\/www.italiaansemeren.nl\/boeking-afronden-faciliteiten\/#breadcrumb"},"inLanguage":"de","potentialAction":[{"@type":"ReadAction","target":["https:\/\/www.italiaansemeren.nl\/boeking-afronden-faciliteiten\/"]}]},{"@type":"BreadcrumbList","@id":"https:\/\/www.italiaansemeren.nl\/boeking-afronden-faciliteiten\/#breadcrumb","itemListElement":[{"@type":"ListItem","position":1,"name":"Home","item":"https:\/\/www.italiaansemeren.nl\/"},{"@type":"ListItem","position":2,"name":"Boeking afronden"}]},{"@type":"WebSite","@id":"https:\/\/www.italiaansemeren.nl\/#website","url":"https:\/\/www.italiaansemeren.nl\/","name":"Ferienpark de Italiaanse Meren","description":"","publisher":{"@id":"https:\/\/www.italiaansemeren.nl\/#organization"},"potentialAction":[{"@type":"SearchAction","target":{"@type":"EntryPoint","urlTemplate":"https:\/\/www.italiaansemeren.nl\/?s={search_term_string}"},"query-input":{"@type":"PropertyValueSpecification","valueRequired":true,"valueName":"search_term_string"}}],"inLanguage":"de"},{"@type":"Organization","@id":"https:\/\/www.italiaansemeren.nl\/#organization","name":"Ferienpark de Italiaanse Meren","url":"https:\/\/www.italiaansemeren.nl\/","logo":{"@type":"ImageObject","inLanguage":"de","@id":"https:\/\/www.italiaansemeren.nl\/#\/schema\/logo\/image\/","url":"https:\/\/www.italiaansemeren.nl\/wp-content\/uploads\/2023\/12\/logo.svg","contentUrl":"https:\/\/www.italiaansemeren.nl\/wp-content\/uploads\/2023\/12\/logo.svg","width":138,"height":137,"caption":"Vakantiepark de Italiaanse Meren"},"image":{"@id":"https:\/\/www.italiaansemeren.nl\/#\/schema\/logo\/image\/"}}]}},"_links":{"self":[{"href":"https:\/\/www.italiaansemeren.nl\/de\/wp-json\/wp\/v2\/pages\/3737","targetHints":{"allow":["GET"]}}],"collection":[{"href":"https:\/\/www.italiaansemeren.nl\/de\/wp-json\/wp\/v2\/pages"}],"about":[{"href":"https:\/\/www.italiaansemeren.nl\/de\/wp-json\/wp\/v2\/types\/page"}],"author":[{"embeddable":true,"href":"https:\/\/www.italiaansemeren.nl\/de\/wp-json\/wp\/v2\/users\/3"}],"replies":[{"embeddable":true,"href":"https:\/\/www.italiaansemeren.nl\/de\/wp-json\/wp\/v2\/comments?post=3737"}],"version-history":[{"count":0,"href":"https:\/\/www.italiaansemeren.nl\/de\/wp-json\/wp\/v2\/pages\/3737\/revisions"}],"wp:attachment":[{"href":"https:\/\/www.italiaansemeren.nl\/de\/wp-json\/wp\/v2\/media?parent=3737"}],"curies":[{"name":"wp","href":"https:\/\/api.w.org\/{rel}","templated":true}]}}